{"id":4873,"date":"2020-12-21T10:02:57","date_gmt":"2020-12-21T07:02:57","guid":{"rendered":"https:\/\/droetkerurunleri.com\/sign-in\/"},"modified":"2023-10-30T13:29:30","modified_gmt":"2023-10-30T10:29:30","slug":"sign-in","status":"publish","type":"page","link":"https:\/\/droetkerurunleri.com\/en\/sign-in\/","title":{"rendered":"Sign In"},"content":{"rendered":"  <div id=\"page-header-1346529270\" class=\"page-header-wrapper\">\n  <div class=\"page-title dark featured-title\">\n\n    \n    <div class=\"page-title-inner container align-center text-center flex-row-col medium-flex-wrap\" >\n              <div class=\"title-wrapper flex-col\">\n          <h1 class=\"entry-title mb-0\">\n            Sign In          <\/h1>\n        <\/div>\n                    <div class=\"title-content flex-col\">\n              <\/div>\n    <\/div>\n\n       <\/div>\n    <\/div>\n  \n<div class=\"row align-middle align-center\"  id=\"row-2061060029\"><\/p>\n<p>\n\t<div id=\"col-2122890129\" class=\"col medium-8 small-12 large-8\"  >\n\t\t\t\t<div class=\"col-inner\"  >\n\t\t\t\n\t\t\t<\/p>\n<div class=\"container section-title-container\" ><h3 class=\"section-title section-title-center\"><b aria-hidden=\"true\"><\/b><span class=\"section-title-main\" >Sign in to view products<\/span><b aria-hidden=\"true\"><\/b><\/h3><\/div>\n<div class=\"ihc-public-trial-version\">This is a Trial Version of <a href=\"https:\/\/ultimatemembershippro.com\" target=\"_blank\" rel=\"dofollow\">Ultimate Membership Pro<\/a> plugin. Please add your purchase code into Licence section to enable the Full <a href=\"https:\/\/ultimatemembershippro.com\" target=\"_blank\"  rel=\"dofollow\">Ultimate Membership Pro<\/a>  Version.<\/div>\n  <!-- Login Form - Start -->\n  <div class=\"ihc-login-form-wrap ihc-login-template-11\">\n      <form method=\"post\" id=\"ihc_login_form\">\n          <input type=\"hidden\" name=\"ihcaction\" value=\"login\" \/>\n          <input type=\"hidden\" name=\"ihc_login_nonce\" value=\"954435c528\" \/>\n\n          \n                    <!-- Username field -->\n          <div class=\"impu-form-line-fr\">\n              <i class=\"fa-ihc fa-username-ihc\"><\/i>\n              <input type=\"text\" value=\"\" name=\"log\" id=\"iump_login_username\" placeholder=\"Username\"\/>\n          <\/div>\n          <!-- End of username field -->\n          \n                    <!-- Password field -->\n          <div class=\"impu-form-line-fr\">\n              <i class=\"fa-ihc fa-pass-ihc\"><\/i>\n              <input type=\"password\" value=\"\" name=\"pwd\" id=\"iump_login_password\" placeholder=\"Password\"\/>\n              <span  class=\"ihc-hide-login-pw hide-if-no-js\" data-toggle=\"0\" aria-label=\"Show password\">\n              <span class=\"dashicons dashicons-visibility\" aria-hidden=\"true\"><\/span>\n                <\/span>\n          <\/div>\n          <!-- End of Password field -->\n          \n          \n          <!-- Remember me checkbox -->\n                    <div class=\"impu-remember-wrapper\">\n              <input type=\"checkbox\" value=\"forever\" name=\"rememberme\" class=\"impu-form-input-remember\" \/>\n              <span class=\"impu-form-label-remember\">Remember Me<\/span>\n          <\/div>\n                    <!-- End of remember me --->\n\n          <!-- Additional links -->\n                        <div class=\"impu-form-links-pass\"><a href=\"https:\/\/droetkerurunleri.com\/kayip-sifre\/\">Lost your password?<\/a><\/div>\n                    <!-- End of Aditional links -->\n\n          <div class=\"ihc-clear\"><\/div>\n\n          <!-- captcha -->\n                    <!-- end of captcha -->\n\n          <!-- Submit bttn -->\n                        <div class=\"impu-form-line-fr impu-form-submit\">\n                  <input type=\"submit\" value=\"Log In\" name=\"Submit\"  class=\"button button-primary button-large\"\/>\n              <\/div>\n                    <!-- End of Submit bttn -->\n\n          <!-- Social -->\n                    <!-- End of Social -->\n\n          <!-- Additional links -->\n                    <!-- End of Aditional links -->\n\n      <\/form>\n  <\/div>\n\n  \n  <span class='ihc-js-login-data'\tdata-user_field='#iump_login_username' data-password_field='#iump_login_password' data-error_message='L\u00fctfen t\u00fcm zorunlu alanlar\u0131 doldurun.' ><\/span>\n  <!-- End of Login Form -->\n\n<\/p>\n<p>\t\t<\/div>\n\t\t\t\t\t<\/div>\n\n\t<\/p>\n<p>\n<style>\n#row-2061060029 > .col > .col-inner {\n  padding: 25px 0px 0px 0px;\n}\n<\/style>\n<\/div>\n","protected":false},"excerpt":{"rendered":"","protected":false},"author":1,"featured_media":0,"parent":0,"menu_order":0,"comment_status":"closed","ping_status":"closed","template":"page-blank.php","meta":{"footnotes":""},"class_list":["post-4873","page","type-page","status-publish","hentry"],"_links":{"self":[{"href":"https:\/\/droetkerurunleri.com\/en\/wp-json\/wp\/v2\/pages\/4873","targetHints":{"allow":["GET"]}}],"collection":[{"href":"https:\/\/droetkerurunleri.com\/en\/wp-json\/wp\/v2\/pages"}],"about":[{"href":"https:\/\/droetkerurunleri.com\/en\/wp-json\/wp\/v2\/types\/page"}],"author":[{"embeddable":true,"href":"https:\/\/droetkerurunleri.com\/en\/wp-json\/wp\/v2\/users\/1"}],"replies":[{"embeddable":true,"href":"https:\/\/droetkerurunleri.com\/en\/wp-json\/wp\/v2\/comments?post=4873"}],"version-history":[{"count":0,"href":"https:\/\/droetkerurunleri.com\/en\/wp-json\/wp\/v2\/pages\/4873\/revisions"}],"wp:attachment":[{"href":"https:\/\/droetkerurunleri.com\/en\/wp-json\/wp\/v2\/media?parent=4873"}],"curies":[{"name":"wp","href":"https:\/\/api.w.org\/{rel}","templated":true}]}}